{"id":972,"date":"2015-12-17T10:07:41","date_gmt":"2015-12-17T09:07:41","guid":{"rendered":"http:\/\/foxmandesign.com\/?page_id=972"},"modified":"2024-12-02T01:06:31","modified_gmt":"2024-12-02T00:06:31","slug":"home","status":"publish","type":"page","link":"https:\/\/foxmandesign.com\/de\/","title":{"rendered":"Startseite"},"content":{"rendered":"ngg_shortcode_2_placeholder\n<h5><strong><span style=\"text-decoration: underline;\">WILKOMME<\/span><\/strong><\/h5>\n<p>Hallo,<\/p>\n<p>Meine Name ist Dakota Vosselman von FoxmanDesign und ich hei\u00dfe Sie auf meiner Gesch\u00e4fts- und Portfoliowebsite willkommen!<\/p>\n<p>Hier k\u00f6nnen Sie einige meiner Arbeiten f\u00fcr Kunden und pers\u00f6nliche Projekte finden.<\/p>\n<p>Wann Sie mehr \u00fcber mich erfahren m\u00f6chten, dann k\u00f6nnen Sie sich die Seite \u201e\u00dcber Mich\u201c anschauen. Ich bin zurzeit offen f\u00fcr Jobangebote und freue mich \u00fcber Ihre Projekt zu h\u00f6ren!<\/p>\n<p>Hoffentlich finden Sie was Sie suche.<\/p>\n<p>Mit freundlichen Gr\u00fc\u00dfen und vielen Dank f\u00fcr Ihren Besuch!<\/p>\n<hr>\n<h5 style=\"text-align: center;\"><span style=\"text-decoration: underline;\"><strong>NEUESTE NACHRICHTEN<\/strong><\/span><\/h5>\n<p style=\"text-align: center;\">Nachrichten, Bilder und Mehr<\/p>\n<p>&nbsp;<\/p>\n<p style=\"text-align: center;\"><style>.wp-show-posts-columns#wpsp-3423 {margin-left: -1em; }.wp-show-posts-columns#wpsp-3423 .wp-show-posts-inner {margin: 0 0 1em 1em; }<\/style><section id=\"wpsp-3423\" class=\" wp-show-posts-columns wp-show-posts\" style=\"\"><article class=\" wp-show-posts-single post-3453 post type-post status-publish format-standard has-post-thumbnail hentry category-graphic-design tag-graphic-design tag-portfolio wpsp-col-4\" itemtype=\"http:\/\/schema.org\/CreativeWork\" itemscope><div class=\"wp-show-posts-inner\" style=\"\">\t\t<div class=\"wp-show-posts-image  wpsp-image-center \">\n\t\t\t<a href=\"https:\/\/foxmandesign.com\/de\/graphic-design\/\"  title=\"Grafikdesign\">\t\t\t\t\t<img decoding=\"async\" src=\"https:\/\/i0.wp.com\/foxmandesign.com\/wp-content\/uploads\/2018\/07\/Library_Logo_Transparent_12800x720_Dakota.png?fit=1280%2C720&ssl=1&resize=600%2C600\" alt=\"Grafikdesign\" itemprop=\"image\" class=\"center\" \/>\n\t\t\t\t<\/a>\t\t<\/div>\n\t\t\t\t\t\t\t\t<div class=\"wp-show-posts-entry-summary\" itemprop=\"text\">\n\t\t\t\t\t\t\t<p>PORTFOLIO:<br \/>\nGrafikdesign<\/p>\n\t\t\t\t\t\t<\/div><!-- .entry-summary -->\n\t\t\t\t\t<\/div><!-- wp-show-posts-inner --><\/article><article class=\" wp-show-posts-single post-3413 post type-post status-publish format-standard has-post-thumbnail hentry category-concept-art tag-concept-art tag-portfolio wpsp-col-4\" itemtype=\"http:\/\/schema.org\/CreativeWork\" itemscope><div class=\"wp-show-posts-inner\" style=\"\">\t\t<div class=\"wp-show-posts-image  wpsp-image-center \">\n\t\t\t<a href=\"https:\/\/foxmandesign.com\/de\/enviroment-art\/\"  title=\"Environment Art &#038; Concept Art\">\t\t\t\t\t<img decoding=\"async\" src=\"https:\/\/i0.wp.com\/foxmandesign.com\/wp-content\/uploads\/2018\/07\/American-Frontier-Los-Santos-Small.png?fit=1024%2C724&ssl=1&resize=600%2C600\" alt=\"Environment Art &#038; Concept Art\" itemprop=\"image\" class=\"center\" \/>\n\t\t\t\t<\/a>\t\t<\/div>\n\t\t\t\t\t\t\t\t<div class=\"wp-show-posts-entry-summary\" itemprop=\"text\">\n\t\t\t\t\t\t\t<p>PORTFOLIO:<br \/>\nEnvironment Art &#038; Concept Art<\/p>\n\t\t\t\t\t\t<\/div><!-- .entry-summary -->\n\t\t\t\t\t<\/div><!-- wp-show-posts-inner --><\/article><article class=\" wp-show-posts-single post-4469 post type-post status-publish format-standard has-post-thumbnail hentry category-concept-art tag-concept-art tag-portfolio wpsp-col-4\" itemtype=\"http:\/\/schema.org\/CreativeWork\" itemscope><div class=\"wp-show-posts-inner\" style=\"\">\t\t<div class=\"wp-show-posts-image  wpsp-image-center \">\n\t\t\t<a href=\"https:\/\/foxmandesign.com\/de\/character-creature-art\/\"  title=\"Charakter &#038; Kreatur\">\t\t\t\t\t<img decoding=\"async\" src=\"https:\/\/i0.wp.com\/foxmandesign.com\/wp-content\/uploads\/2021\/10\/Rosie-of-No-Mans-Land.png?fit=720%2C1024&ssl=1&resize=600%2C600\" alt=\"Charakter &#038; Kreatur\" itemprop=\"image\" class=\"center\" \/>\n\t\t\t\t<\/a>\t\t<\/div>\n\t\t\t\t\t\t\t\t<div class=\"wp-show-posts-entry-summary\" itemprop=\"text\">\n\t\t\t\t\t\t\t<p>PORTFOLIO:<br \/>\nCharakter &#038; Kreatur<\/p>\n\t\t\t\t\t\t<\/div><!-- .entry-summary -->\n\t\t\t\t\t<\/div><!-- wp-show-posts-inner --><\/article><article class=\" wp-show-posts-single post-3761 post type-post status-publish format-standard has-post-thumbnail hentry category-intake-assignment tag-intake-assignment tag-portfolio wpsp-col-4\" itemtype=\"http:\/\/schema.org\/CreativeWork\" itemscope><div class=\"wp-show-posts-inner\" style=\"\">\t\t<div class=\"wp-show-posts-image  wpsp-image-center \">\n\t\t\t<a href=\"https:\/\/foxmandesign.com\/de\/intake-assignment\/\"  title=\"Star Trek Planet Defense\">\t\t\t\t\t<img decoding=\"async\" src=\"https:\/\/i0.wp.com\/foxmandesign.com\/wp-content\/uploads\/2019\/05\/Star-Trek-Planet-Defense-Title-Screen.png?fit=1024%2C724&ssl=1&resize=600%2C600\" alt=\"Star Trek Planet Defense\" itemprop=\"image\" class=\"center\" \/>\n\t\t\t\t<\/a>\t\t<\/div>\n\t\t\t\t\t\t\t\t<div class=\"wp-show-posts-entry-summary\" itemprop=\"text\">\n\t\t\t\t\t\t\t<p>PORTFOLIO: Star Trek &#8211; Planet Defense<\/p>\n\t\t\t\t\t\t<\/div><!-- .entry-summary -->\n\t\t\t\t\t<\/div><!-- wp-show-posts-inner --><\/article><article class=\" wp-show-posts-single post-3843 post type-post status-publish format-standard has-post-thumbnail hentry category-about-me tag-about-me tag-portfolio wpsp-col-4\" itemtype=\"http:\/\/schema.org\/CreativeWork\" itemscope><div class=\"wp-show-posts-inner\" style=\"\">\t\t<div class=\"wp-show-posts-image  wpsp-image-center \">\n\t\t\t<a href=\"https:\/\/foxmandesign.com\/de\/about-me\/\"  title=\"About Me\">\t\t\t\t\t<img decoding=\"async\" src=\"https:\/\/i0.wp.com\/foxmandesign.com\/wp-content\/uploads\/2016\/12\/FoxmanDesign-New-Logo-Final-Fox.png?fit=512%2C512&ssl=1&resize=600%2C600\" alt=\"About Me\" itemprop=\"image\" class=\"center\" \/>\n\t\t\t\t<\/a>\t\t<\/div>\n\t\t\t\t\t\t\t\t<div class=\"wp-show-posts-entry-summary\" itemprop=\"text\">\n\t\t\t\t\t\t\t<p>PROFIL:<br \/>\n\u00dcber Mich<\/p>\n\t\t\t\t\t\t<\/div><!-- .entry-summary -->\n\t\t\t\t\t<\/div><!-- wp-show-posts-inner --><\/article><article class=\" wp-show-posts-single post-4193 post type-post status-publish format-standard has-post-thumbnail hentry category-pricing tag-portfolio tag-pricing wpsp-col-4\" itemtype=\"http:\/\/schema.org\/CreativeWork\" itemscope><div class=\"wp-show-posts-inner\" style=\"\">\t\t<div class=\"wp-show-posts-image  wpsp-image-center \">\n\t\t\t<a href=\"https:\/\/foxmandesign.com\/de\/pricing\/\"  title=\"Preise\">\t\t\t\t\t<img decoding=\"async\" src=\"https:\/\/i0.wp.com\/foxmandesign.com\/wp-content\/uploads\/2020\/12\/Valuta-Background.png?fit=720%2C720&ssl=1&resize=600%2C600\" alt=\"Preise\" itemprop=\"image\" class=\"center\" \/>\n\t\t\t\t<\/a>\t\t<\/div>\n\t\t\t\t\t\t\t\t<div class=\"wp-show-posts-entry-summary\" itemprop=\"text\">\n\t\t\t\t\t\t\t<p>PREISE:<br \/>\nDienstleistungen<\/p>\n\t\t\t\t\t\t<\/div><!-- .entry-summary -->\n\t\t\t\t\t<\/div><!-- wp-show-posts-inner --><\/article><div class=\"wpsp-clear\"><\/div><\/section><!-- .wp-show-posts -->","protected":false},"excerpt":{"rendered":"<p>&#8220; order_by=&#8220;sortorder&#8220; order_direction=&#8220;ASC&#8220; returns=&#8220;included&#8220; maximum_entity_count=&#8220;1000&#8243;]&nbsp; WILKOMME Hallo, Meine Name ist Dakota Vosselman von FoxmanDesign und ich hei\u00dfe Sie auf meiner Gesch\u00e4fts- und Portfoliowebsite willkommen! Hier k\u00f6nnen Sie einige meiner Arbeiten f\u00fcr Kunden und pers\u00f6nliche Projekte finden. Wann Sie mehr \u00fcber mich erfahren m\u00f6chten, dann k\u00f6nnen Sie sich die Seite \u201e\u00dcber Mich\u201c anschauen. Ich bin zurzeit [&hellip;]<\/p>\n","protected":false},"author":1,"featured_media":0,"parent":0,"menu_order":0,"comment_status":"closed","ping_status":"closed","template":"","meta":{"inline_featured_image":false,"ngg_post_thumbnail":0,"footnotes":""},"class_list":["post-972","page","type-page","status-publish","hentry"],"yoast_head":"<!-- This site is optimized with the Yoast SEO plugin v26.0 - https:\/\/yoast.com\/wordpress\/plugins\/seo\/ -->\n<title>Digitale Kunst richtig gemacht und im Budget. Das ist das Motto. | FoxmanDesign<\/title>\n<meta name=\"description\" content=\"(English) Dakota Vosselman of FoxmanDesign is a Digital Artist, Environment Artist, Concept Artist. Customers can contact them for their special expertise.\" \/>\n<meta name=\"robots\" content=\"index, follow, max-snippet:-1, max-image-preview:large, max-video-preview:-1\" \/>\n<link rel=\"canonical\" href=\"https:\/\/foxmandesign.com\/\" \/>\n<meta property=\"og:locale\" content=\"de_DE\" \/>\n<meta property=\"og:type\" content=\"article\" \/>\n<meta property=\"og:title\" content=\"[:en]Digital Art done Right, within the Budget. That&#039;s the Motto. | FoxmanDesign[:nl]Digital Art goed gedaan en binnen de begroting. Dat is het motto. | FoxmanDesign[:de]Digitale Kunst richtig gemacht und im Budget. Das ist das Motto. | FoxmanDesign[:]\" \/>\n<meta property=\"og:description\" content=\"{:en}Dakota Vosselman of FoxmanDesign is a Digital Artist, Environment Artist, Concept Artist. Customers can contact them for their special expertise. {:}\" \/>\n<meta property=\"og:url\" content=\"https:\/\/foxmandesign.com\/\" \/>\n<meta property=\"og:site_name\" content=\"FoxmanDesign\" \/>\n<meta property=\"article:publisher\" content=\"https:\/\/www.facebook.com\/FoxmanDesign\/\" \/>\n<meta property=\"article:modified_time\" content=\"2024-12-02T00:06:31+00:00\" \/>\n<meta name=\"twitter:card\" content=\"summary_large_image\" \/>\n<meta name=\"twitter:site\" content=\"@DanielVosselman\" \/>\n<meta name=\"twitter:label1\" content=\"Gesch\u00e4tzte Lesezeit\" \/>\n\t<meta name=\"twitter:data1\" content=\"2\u00a0Minuten\" \/>\n<script type=\"application\/ld+json\" class=\"yoast-schema-graph\">{\"@context\":\"https:\/\/schema.org\",\"@graph\":[{\"@type\":\"WebPage\",\"@id\":\"https:\/\/foxmandesign.com\/\",\"url\":\"https:\/\/foxmandesign.com\/\",\"name\":\"[:en]Digital Art done Right, within the Budget. That's the Motto. | FoxmanDesign[:nl]Digital Art goed gedaan en binnen de begroting. Dat is het motto. | FoxmanDesign[:de]Digitale Kunst richtig gemacht und im Budget. Das ist das Motto. | FoxmanDesign[:]\",\"isPartOf\":{\"@id\":\"https:\/\/foxmandesign.com\/#website\"},\"datePublished\":\"2015-12-17T09:07:41+00:00\",\"dateModified\":\"2024-12-02T00:06:31+00:00\",\"description\":\"{:en}Dakota Vosselman of FoxmanDesign is a Digital Artist, Environment Artist, Concept Artist. Customers can contact them for their special expertise. {:}\",\"breadcrumb\":{\"@id\":\"https:\/\/foxmandesign.com\/#breadcrumb\"},\"inLanguage\":\"de\",\"potentialAction\":[{\"@type\":\"ReadAction\",\"target\":[\"https:\/\/foxmandesign.com\/\"]}]},{\"@type\":\"BreadcrumbList\",\"@id\":\"https:\/\/foxmandesign.com\/#breadcrumb\",\"itemListElement\":[{\"@type\":\"ListItem\",\"position\":1,\"name\":\"Home\",\"item\":\"https:\/\/foxmandesign.com\/\"},{\"@type\":\"ListItem\",\"position\":2,\"name\":\"Home\"}]},{\"@type\":\"WebSite\",\"@id\":\"https:\/\/foxmandesign.com\/#website\",\"url\":\"https:\/\/foxmandesign.com\/\",\"name\":\"FoxmanDesign\",\"description\":\"Portfolio Website und Gesch\u00e4ftsseite\",\"publisher\":{\"@id\":\"https:\/\/foxmandesign.com\/#organization\"},\"potentialAction\":[{\"@type\":\"SearchAction\",\"target\":{\"@type\":\"EntryPoint\",\"urlTemplate\":\"https:\/\/foxmandesign.com\/?s={search_term_string}\"},\"query-input\":{\"@type\":\"PropertyValueSpecification\",\"valueRequired\":true,\"valueName\":\"search_term_string\"}}],\"inLanguage\":\"de\"},{\"@type\":\"Organization\",\"@id\":\"https:\/\/foxmandesign.com\/#organization\",\"name\":\"FoxmanDesign\",\"url\":\"https:\/\/foxmandesign.com\/\",\"logo\":{\"@type\":\"ImageObject\",\"inLanguage\":\"de\",\"@id\":\"https:\/\/foxmandesign.com\/#\/schema\/logo\/image\/\",\"url\":\"https:\/\/i2.wp.com\/foxmandesign.com\/wp-content\/uploads\/2018\/07\/Website-v.2.png?fit=248%2C63&ssl=1\",\"contentUrl\":\"https:\/\/i2.wp.com\/foxmandesign.com\/wp-content\/uploads\/2018\/07\/Website-v.2.png?fit=248%2C63&ssl=1\",\"width\":\"248\",\"height\":\"63\",\"caption\":\"FoxmanDesign\"},\"image\":{\"@id\":\"https:\/\/foxmandesign.com\/#\/schema\/logo\/image\/\"},\"sameAs\":[\"https:\/\/www.facebook.com\/FoxmanDesign\/\",\"https:\/\/x.com\/DanielVosselman\",\"https:\/\/www.instagram.com\/foxmandesign\/\",\"https:\/\/www.linkedin.com\/in\/danielvosselman\/\",\"https:\/\/www.youtube.com\/foxmandesigntm\"]}]}<\/script>\n<!-- \/ Yoast SEO plugin. -->","yoast_head_json":{"title":"Digitale Kunst richtig gemacht und im Budget. Das ist das Motto. | FoxmanDesign","description":"(English) Dakota Vosselman of FoxmanDesign is a Digital Artist, Environment Artist, Concept Artist. Customers can contact them for their special expertise.","robots":{"index":"index","follow":"follow","max-snippet":"max-snippet:-1","max-image-preview":"max-image-preview:large","max-video-preview":"max-video-preview:-1"},"canonical":"https:\/\/foxmandesign.com\/","og_locale":"de_DE","og_type":"article","og_title":"[:en]Digital Art done Right, within the Budget. That's the Motto. | FoxmanDesign[:nl]Digital Art goed gedaan en binnen de begroting. Dat is het motto. | FoxmanDesign[:de]Digitale Kunst richtig gemacht und im Budget. Das ist das Motto. | FoxmanDesign[:]","og_description":"{:en}Dakota Vosselman of FoxmanDesign is a Digital Artist, Environment Artist, Concept Artist. Customers can contact them for their special expertise. {:}","og_url":"https:\/\/foxmandesign.com\/","og_site_name":"FoxmanDesign","article_publisher":"https:\/\/www.facebook.com\/FoxmanDesign\/","article_modified_time":"2024-12-02T00:06:31+00:00","twitter_card":"summary_large_image","twitter_site":"@DanielVosselman","twitter_misc":{"Gesch\u00e4tzte Lesezeit":"2\u00a0Minuten"},"schema":{"@context":"https:\/\/schema.org","@graph":[{"@type":"WebPage","@id":"https:\/\/foxmandesign.com\/","url":"https:\/\/foxmandesign.com\/","name":"[:en]Digital Art done Right, within the Budget. That's the Motto. | FoxmanDesign[:nl]Digital Art goed gedaan en binnen de begroting. Dat is het motto. | FoxmanDesign[:de]Digitale Kunst richtig gemacht und im Budget. Das ist das Motto. | FoxmanDesign[:]","isPartOf":{"@id":"https:\/\/foxmandesign.com\/#website"},"datePublished":"2015-12-17T09:07:41+00:00","dateModified":"2024-12-02T00:06:31+00:00","description":"{:en}Dakota Vosselman of FoxmanDesign is a Digital Artist, Environment Artist, Concept Artist. Customers can contact them for their special expertise. {:}","breadcrumb":{"@id":"https:\/\/foxmandesign.com\/#breadcrumb"},"inLanguage":"de","potentialAction":[{"@type":"ReadAction","target":["https:\/\/foxmandesign.com\/"]}]},{"@type":"BreadcrumbList","@id":"https:\/\/foxmandesign.com\/#breadcrumb","itemListElement":[{"@type":"ListItem","position":1,"name":"Home","item":"https:\/\/foxmandesign.com\/"},{"@type":"ListItem","position":2,"name":"Home"}]},{"@type":"WebSite","@id":"https:\/\/foxmandesign.com\/#website","url":"https:\/\/foxmandesign.com\/","name":"FoxmanDesign","description":"Portfolio Website und Gesch\u00e4ftsseite","publisher":{"@id":"https:\/\/foxmandesign.com\/#organization"},"potentialAction":[{"@type":"SearchAction","target":{"@type":"EntryPoint","urlTemplate":"https:\/\/foxmandesign.com\/?s={search_term_string}"},"query-input":{"@type":"PropertyValueSpecification","valueRequired":true,"valueName":"search_term_string"}}],"inLanguage":"de"},{"@type":"Organization","@id":"https:\/\/foxmandesign.com\/#organization","name":"FoxmanDesign","url":"https:\/\/foxmandesign.com\/","logo":{"@type":"ImageObject","inLanguage":"de","@id":"https:\/\/foxmandesign.com\/#\/schema\/logo\/image\/","url":"https:\/\/i2.wp.com\/foxmandesign.com\/wp-content\/uploads\/2018\/07\/Website-v.2.png?fit=248%2C63&ssl=1","contentUrl":"https:\/\/i2.wp.com\/foxmandesign.com\/wp-content\/uploads\/2018\/07\/Website-v.2.png?fit=248%2C63&ssl=1","width":"248","height":"63","caption":"FoxmanDesign"},"image":{"@id":"https:\/\/foxmandesign.com\/#\/schema\/logo\/image\/"},"sameAs":["https:\/\/www.facebook.com\/FoxmanDesign\/","https:\/\/x.com\/DanielVosselman","https:\/\/www.instagram.com\/foxmandesign\/","https:\/\/www.linkedin.com\/in\/danielvosselman\/","https:\/\/www.youtube.com\/foxmandesigntm"]}]}},"jetpack_sharing_enabled":false,"jetpack_shortlink":"https:\/\/wp.me\/P6Idf0-fG","_links":{"self":[{"href":"https:\/\/foxmandesign.com\/de\/wp-json\/wp\/v2\/pages\/972","targetHints":{"allow":["GET"]}}],"collection":[{"href":"https:\/\/foxmandesign.com\/de\/wp-json\/wp\/v2\/pages"}],"about":[{"href":"https:\/\/foxmandesign.com\/de\/wp-json\/wp\/v2\/types\/page"}],"author":[{"embeddable":true,"href":"https:\/\/foxmandesign.com\/de\/wp-json\/wp\/v2\/users\/1"}],"replies":[{"embeddable":true,"href":"https:\/\/foxmandesign.com\/de\/wp-json\/wp\/v2\/comments?post=972"}],"version-history":[{"count":0,"href":"https:\/\/foxmandesign.com\/de\/wp-json\/wp\/v2\/pages\/972\/revisions"}],"wp:attachment":[{"href":"https:\/\/foxmandesign.com\/de\/wp-json\/wp\/v2\/media?parent=972"}],"curies":[{"name":"wp","href":"https:\/\/api.w.org\/{rel}","templated":true}]}}